{"id":301,"date":"2024-10-20T15:26:02","date_gmt":"2024-10-20T15:26:02","guid":{"rendered":"https:\/\/babycloud.at\/?page_id=301"},"modified":"2024-10-20T15:26:02","modified_gmt":"2024-10-20T15:26:02","slug":"registrieren","status":"publish","type":"page","link":"https:\/\/babycloud.at\/?page_id=301","title":{"rendered":"\u201eRegistrieren\u201c"},"content":{"rendered":"\n<form method=\"post\" action=\"https:\/\/babycloud.at\/wp-login.php\" class=\"bbp-login-form\">\n\t<fieldset class=\"bbp-form\">\n\t\t<legend>Konto erstellen<\/legend>\n\n\t\t\n\t\t<div class=\"bbp-template-notice\">\n\t\t\t<ul>\n\t\t\t\t<li>Dein Benutzername muss einzigartig sein, und kann im Nachhinein nicht mehr ge\u00e4ndert werden.<\/li>\n\t\t\t\t<li>Wir ben\u00f6tigen deine E-Mail-Adresse, um dir ein sicheres Passwort schicken und um dein Konto \u00fcberpr\u00fcfen zu k\u00f6nnen.<\/li>\n\t\t\t<\/ul>\n\t\t<\/div>\n\n\t\t<div class=\"bbp-username\">\n\t\t\t<label for=\"user_login\">Benutzername: <\/label>\n\t\t\t<input type=\"text\" name=\"user_login\" value=\"\" size=\"20\" id=\"user_login\" maxlength=\"100\" autocomplete=\"off\" \/>\n\t\t<\/div>\n\n\t\t<div class=\"bbp-email\">\n\t\t\t<label for=\"user_email\">E-Mail: <\/label>\n\t\t\t<input type=\"text\" name=\"user_email\" value=\"\" size=\"20\" id=\"user_email\" maxlength=\"100\" autocomplete=\"off\" \/>\n\t\t<\/div>\n\n\t\t\n\t\t<div class=\"bbp-submit-wrapper\">\n\n\t\t\t<button type=\"submit\" name=\"user-submit\" class=\"button submit user-submit\">Registrieren<\/button>\n\n\t\t\t\n\t<input type=\"hidden\" name=\"action\"      value=\"register\" \/>\n\t<input type=\"hidden\" name=\"user-cookie\" value=\"1\" \/>\n\n\t<input type=\"hidden\" id=\"bbp_redirect_to\" name=\"redirect_to\" value=\"?checkemail=registered\" \/><input type=\"hidden\" id=\"_wpnonce\" name=\"_wpnonce\" value=\"ef4a8f94be\" \/><input type=\"hidden\" name=\"_wp_http_referer\" value=\"\/index.php?rest_route=%2Fwp%2Fv2%2Fpages%2F301\" \/>\n\t\t<\/div>\n\n\t\t\n\t<\/fieldset>\n<\/form>\n\n","protected":false},"excerpt":{"rendered":"","protected":false},"author":1,"featured_media":0,"parent":0,"menu_order":0,"comment_status":"closed","ping_status":"closed","template":"","meta":{"_bbp_topic_count":0,"_bbp_reply_count":0,"_bbp_total_topic_count":0,"_bbp_total_reply_count":0,"_bbp_voice_count":0,"_bbp_anonymous_reply_count":0,"_bbp_topic_count_hidden":0,"_bbp_reply_count_hidden":0,"_bbp_forum_subforum_count":0,"site-sidebar-layout":"default","site-content-layout":"","ast-site-content-layout":"","site-content-style":"default","site-sidebar-style":"default","ast-global-header-display":"","ast-banner-title-visibility":"","ast-main-header-display":"","ast-hfb-above-header-display":"","ast-hfb-below-header-display":"","ast-hfb-mobile-header-display":"","site-post-title":"","ast-breadcrumbs-content":"","ast-featured-img":"","footer-sml-layout":"","theme-transparent-header-meta":"","adv-header-id-meta":"","stick-header-meta":"","header-above-stick-meta":"","header-main-stick-meta":"","header-below-stick-meta":"","astra-migrate-meta-layouts":"default","ast-page-background-enabled":"default","ast-page-background-meta":{"desktop":{"background-color":"var(--ast-global-color-4)","background-image":"","background-repeat":"repeat","background-position":"center center","background-size":"auto","background-attachment":"scroll","background-type":"","background-media":"","overlay-type":"","overlay-color":"","overlay-opacity":"","overlay-gradient":""},"tablet":{"background-color":"","background-image":"","background-repeat":"repeat","background-position":"center center","background-size":"auto","background-attachment":"scroll","background-type":"","background-media":"","overlay-type":"","overlay-color":"","overlay-opacity":"","overlay-gradient":""},"mobile":{"background-color":"","background-image":"","background-repeat":"repeat","background-position":"center center","background-size":"auto","background-attachment":"scroll","background-type":"","background-media":"","overlay-type":"","overlay-color":"","overlay-opacity":"","overlay-gradient":""}},"ast-content-background-meta":{"desktop":{"background-color":"var(--ast-global-color-5)","background-image":"","background-repeat":"repeat","background-position":"center center","background-size":"auto","background-attachment":"scroll","background-type":"","background-media":"","overlay-type":"","overlay-color":"","overlay-opacity":"","overlay-gradient":""},"tablet":{"background-color":"var(--ast-global-color-5)","background-image":"","background-repeat":"repeat","background-position":"center center","background-size":"auto","background-attachment":"scroll","background-type":"","background-media":"","overlay-type":"","overlay-color":"","overlay-opacity":"","overlay-gradient":""},"mobile":{"background-color":"var(--ast-global-color-5)","background-image":"","background-repeat":"repeat","background-position":"center center","background-size":"auto","background-attachment":"scroll","background-type":"","background-media":"","overlay-type":"","overlay-color":"","overlay-opacity":"","overlay-gradient":""}},"footnotes":""},"class_list":["post-301","page","type-page","status-publish","hentry"],"_links":{"self":[{"href":"https:\/\/babycloud.at\/index.php?rest_route=\/wp\/v2\/pages\/301","targetHints":{"allow":["GET"]}}],"collection":[{"href":"https:\/\/babycloud.at\/index.php?rest_route=\/wp\/v2\/pages"}],"about":[{"href":"https:\/\/babycloud.at\/index.php?rest_route=\/wp\/v2\/types\/page"}],"author":[{"embeddable":true,"href":"https:\/\/babycloud.at\/index.php?rest_route=\/wp\/v2\/users\/1"}],"replies":[{"embeddable":true,"href":"https:\/\/babycloud.at\/index.php?rest_route=%2Fwp%2Fv2%2Fcomments&post=301"}],"version-history":[{"count":1,"href":"https:\/\/babycloud.at\/index.php?rest_route=\/wp\/v2\/pages\/301\/revisions"}],"predecessor-version":[{"id":302,"href":"https:\/\/babycloud.at\/index.php?rest_route=\/wp\/v2\/pages\/301\/revisions\/302"}],"wp:attachment":[{"href":"https:\/\/babycloud.at\/index.php?rest_route=%2Fwp%2Fv2%2Fmedia&parent=301"}],"curies":[{"name":"wp","href":"https:\/\/api.w.org\/{rel}","templated":true}]}}